{"id":1180,"date":"2014-05-12T19:49:52","date_gmt":"2014-05-12T17:49:52","guid":{"rendered":"http:\/\/www.lachmayer.eu\/?page_id=1180"},"modified":"2021-09-17T15:23:11","modified_gmt":"2021-09-17T13:23:11","slug":"leistungen","status":"publish","type":"page","link":"https:\/\/www.lachmayer.eu\/de\/leistungen\/","title":{"rendered":"Leistungen"},"content":{"rendered":"<p>Als selbstst\u00e4ndiger Wissenschafter biete ich insbesondere f\u00fcr Rechtsanw\u00e4lte und \u00f6ffentliche Institutionen folgende Leistungen an:<\/p>\n<h3><strong><a href=\"https:\/\/www.lachmayer.eu\/wp-content\/uploads\/2014\/09\/B\u00fccher.jpg\" data-rel=\"lightbox-image-0\" data-rl_title=\"\" data-rl_caption=\"\" title=\"\"><img loading=\"lazy\" decoding=\"async\" class=\"alignleft size-medium wp-image-1572\" src=\"https:\/\/www.lachmayer.eu\/wp-content\/uploads\/2014\/09\/B\u00fccher-155x300.jpg\" alt=\"B\u00fccher\" width=\"155\" height=\"300\" srcset=\"https:\/\/www.lachmayer.eu\/wp-content\/uploads\/2014\/09\/B\u00fccher-155x300.jpg 155w, https:\/\/www.lachmayer.eu\/wp-content\/uploads\/2014\/09\/B\u00fccher.jpg 432w\" sizes=\"auto, (max-width: 155px) 100vw, 155px\" \/><\/a><\/strong><\/h3>\n<h4>\u00a0\u2013 Wissenschaftliche Gutachten<\/h4>\n<p>Basierend auf langj\u00e4hriger wissenschaftlicher und praktischer Erfahrung biete ich die Erstellung umfassender wissenschaftlicher Fachgutachten an. Die Gutachten sind auf komplexe Fallstudien und innovationsbed\u00fcrftige Sachverhalte hin ma\u00dfgeschneidert.<\/p>\n<h4>\u2013 Forschungsstudien<\/h4>\n<p>Die Studien sind thematisch breit aufgebaut und fokussieren auf tiefgehende rechtswissenschaftliche Analyse gesellschaftspolitischer Fragestellungen. Schwerpunkte sind sowohl &#8211; rechtsvergleichende und europ\u00e4ische Zusammenh\u00e4nge sowie &#8211; dogmatische Fragestellungen des \u00f6ffentlichen Rechts.<\/p>\n<p>&nbsp;<\/p>\n<p><em>Hinweis:\u00a0 In meiner wissenschaftlichen Arbeit bin ich nicht anwaltlich t\u00e4tig.<\/em><\/p>\n<p>Ein weiteres Angebot ist die Entwicklung, Durchf\u00fchrung und Pr\u00e4sentation rechtswissenschaftlicher sowie interdisziplin\u00e4rer <strong>Forschungsprojekte<\/strong>. Gerne beteilige ich mich an projektbezogenen Antragstellungen, der Kooperation mit Forschungsteams und \u00a0\u00fcbernehme Workpackages in nationalen und internationalen Forschungsprojekten.<\/p>\n<p>&nbsp;<\/p>\n<h4><strong>Das Leistungsportfolio bezieht sich dabei jeweils auf die folgenden Bereiche<\/strong>:<\/h4>\n<h5><strong>1. \u00d6sterreichisches \u00d6ffentliches Recht<\/strong><\/h5>\n<p>insbesondere im<\/p>\n<ul>\n<li>\u00d6sterreichischen Verfassungsrecht<\/li>\n<li>\u00d6ffentliches Wirtschaftsrecht (Datenschutzrecht, Regulierungsrecht, Normungsrecht, Verkehrsrecht)<\/li>\n<li>Recht der Selbstverwaltungsk\u00f6rper (Gemeinderecht, Recht der Kammern), Universit\u00e4tsrecht, Unabh\u00e4ngige Beh\u00f6rden &amp; Ausgliederungen<\/li>\n<li>Verwaltungsverfahrensrecht und Verwaltungsgerichtsbarkeit<\/li>\n<li>Polizeirecht und Sicherheitsverwaltungsrecht<\/li>\n<li>Umweltrecht<\/li>\n<\/ul>\n<h5><strong>2. Vergleichendes, Europ\u00e4isches und Internationales Recht<\/strong><\/h5>\n<ul>\n<li>Rechtsvergleichung im Bereich Verfassungsrecht und Verwaltungsrecht<\/li>\n<li>Europ\u00e4isches Verfassungsrecht und Verwaltungsrecht<\/li>\n<li>Internationales Verfassungsrecht und Menschenrechte<\/li>\n<\/ul>\n<h5><strong>3. Interdisziplin\u00e4re Schnittstellen (in Kooperation mit WissenschafterInnen aus anderen wissenschaftlichen Disziplinen)<\/strong><\/h5>\n<ul>\n<li>Rechtsdidaktik<\/li>\n<li>Rechtssoziologie<\/li>\n<li>Recht und Technik<\/li>\n<\/ul>\n<p>&nbsp;<\/p>\n<h3><a title=\"Referenzen\" href=\"https:\/\/www.lachmayer.eu\/de\/referenzen\/\">Referenzen<\/a><\/h3>\n","protected":false},"excerpt":{"rendered":"<p>Als selbstst\u00e4ndiger Wissenschafter biete ich insbesondere f\u00fcr Rechtsanw\u00e4lte und \u00f6ffentliche Institutionen folgende Leistungen an: \u00a0\u2013 Wissenschaftliche Gutachten Basierend auf langj\u00e4hriger wissenschaftlicher und praktischer Erfahrung biete &hellip;<\/p>\n","protected":false},"author":3,"featured_media":0,"parent":0,"menu_order":0,"comment_status":"closed","ping_status":"closed","template":"","meta":{"footnotes":""},"class_list":["post-1180","page","type-page","status-publish","hentry"],"_links":{"self":[{"href":"https:\/\/www.lachmayer.eu\/de\/wp-json\/wp\/v2\/pages\/1180","targetHints":{"allow":["GET"]}}],"collection":[{"href":"https:\/\/www.lachmayer.eu\/de\/wp-json\/wp\/v2\/pages"}],"about":[{"href":"https:\/\/www.lachmayer.eu\/de\/wp-json\/wp\/v2\/types\/page"}],"author":[{"embeddable":true,"href":"https:\/\/www.lachmayer.eu\/de\/wp-json\/wp\/v2\/users\/3"}],"replies":[{"embeddable":true,"href":"https:\/\/www.lachmayer.eu\/de\/wp-json\/wp\/v2\/comments?post=1180"}],"version-history":[{"count":0,"href":"https:\/\/www.lachmayer.eu\/de\/wp-json\/wp\/v2\/pages\/1180\/revisions"}],"wp:attachment":[{"href":"https:\/\/www.lachmayer.eu\/de\/wp-json\/wp\/v2\/media?parent=1180"}],"curies":[{"name":"wp","href":"https:\/\/api.w.org\/{rel}","templated":true}]}}