{"id":1244,"date":"2014-05-13T10:41:57","date_gmt":"2014-05-13T08:41:57","guid":{"rendered":"http:\/\/www.lachmayer.eu\/?page_id=1244"},"modified":"2024-11-15T10:27:05","modified_gmt":"2024-11-15T09:27:05","slug":"veranstaltungsorganisation","status":"publish","type":"page","link":"https:\/\/www.lachmayer.eu\/de\/veranstaltungsorganisation\/","title":{"rendered":"Veranstaltungsorganisation"},"content":{"rendered":"<h3>\u2013 2024<\/h3>\n<ul>\n<li>1<a href=\"https:\/\/www.verkehrsrechtstag.at\/\" target=\"_blank\" rel=\"noopener\">7. ZVR Verkehrsrechtstag<\/a>, WU Wien, 04.10.2024 (gem. mit\u00a0<em>Berhard Burtscher, Armin Kaltenegger, Ernst Karner, Magdalena Leithner\u00a0<\/em>und<em>\u00a0Alexander Wilfinger<\/em>)<\/li>\n<li><a href=\"https:\/\/www.inside-law.at\/summer-school\/\" target=\"_blank\" rel=\"noopener\">Summer School &#8222;Inside Law&#8220;<\/a>, Vorbereitung f\u00fcr Sch\u00fclerInnen und Maturantinnen auf das Studium der Rechtswissenschaften, Sigmund Freud Privatuniversit\u00e4t, 26.8.2024 bis 30.8.2024, Wien (gem. mit <em>Karin Bruckm\u00fcller<\/em>)<\/li>\n<li>Tagung: <a href=\"https:\/\/www.sfu.ac.at\/de\/event\/jus-tagung-die-nis-2-richtlinie-cybersicherheitsrecht-zwischen-staat-und-privat\/\" target=\"_blank\" rel=\"noopener\">Die NIS-2-Richtlinie \u2013 Cybersicherheitsrecht zwischen Staat und Privat<\/a>, Sigmund Freud Privatuniversit\u00e4t, Wien, 15. Februar 2024<\/li>\n<\/ul>\n<h3>\u2013 2023<\/h3>\n<ul>\n<li>Workshop: <a href=\"https:\/\/www.lachmayer.eu\/de\/vortrag-3d-druck-regulierungsstrategien\/\">3D-Druck und Recht<\/a>, Universit\u00e4t Wien, 19. Dezember 2023 (gem. mit <em>Iris Eisenberger <\/em>und<em> Nikolaus Forg\u00f3<\/em>)<\/li>\n<li><a href=\"https:\/\/www.verkehrsrechtstag.at\/\" target=\"_blank\" rel=\"noopener\">ZVR Verkehrsrechtstag 2023<\/a>, Wirtschaftsuniversit\u00e4t Wien, 19. Oktober 2023 (gem. mit <em>Berhard Burtscher, Armin Kaltenegger, Ernst Karner, Birgit Salamon <\/em>und<em> Alexander Wilfinger<\/em>)<\/li>\n<li><a href=\"https:\/\/www.inside-law.at\/summer-school\/das-war-die-summer-school\/\" target=\"_blank\" rel=\"noopener\">Summer School &#8222;Inside Law&#8220;<\/a>, Vorbereitung f\u00fcr Sch\u00fclerInnen und Maturantinnen auf das Studium der Rechtswissenschaften, Sigmund Freud Privatuniversit\u00e4t Wien, 28.8.2023 bis 1.9.2023 (gem. mit <em>Karin Bruckm\u00fcller<\/em>)<\/li>\n<\/ul>\n<h3>\u2013 2022<\/h3>\n<ul>\n<li><a href=\"https:\/\/www.verkehrsrechtstag.at\/downloads\/zvr-verkehrsrechtstag-2022\/\">ZVR Verkehrsrechtstag 2022<\/a>, Wirtschaftsuniversit\u00e4t Wien, 18. Oktober 2022 (gem. mit <em>Berhard Burtscher, Armin Kaltenegger, Ernst Karner, Birgit Salamon <\/em>und<em> Alexander Wilfinger<\/em>)<\/li>\n<li><a href=\"https:\/\/www.inside-law.at\/summer-school\/das-war-die-summer-school\/\" target=\"_blank\" rel=\"noopener\">Summer School &#8222;Inside Law&#8220;<\/a>, Vorbereitung f\u00fcr Sch\u00fclerInnen und Maturantinnen auf das Studium der Rechtswissenschaften, Sigmund Freud Privatuniversit\u00e4t Wien, 29.8.2022 bis 2.9.2022 (gem. mit <em>Karin Bruckm\u00fcller<\/em>)<\/li>\n<li>Online Panel: <a href=\"https:\/\/www.lachmayer.eu\/panel-global-pandemocracy\/\" target=\"_blank\" rel=\"noopener\">\u201cGlobal Pandemocracy \u2013 The COVID-19 Crisis and its Impacts on Democracy Internationaly\u201d<\/a>, ICON.S Annual Conference \u201cGlobal Problems and Prospects in Public Law\u201d, Universit\u00e4t Woclaw, Polen, 6.7.2022 (online)<\/li>\n<li>Konferenz: <a href=\"https:\/\/www.lachmayer.eu\/de\/konferenz-rechtsstaat-und-demokratie-unter-druck\/\" target=\"_blank\" rel=\"noopener\">\u201eRechtsstaat und Demokratie unter Druck\u201c<\/a>, Universit\u00e4t Wien, 24.\u201326.3.2022 (gem. mit <em>Maria Sagmeister, Kevin Fredy Hinterberger, Ines R\u00f6ssl, Paul Hahnenkamp, Lukas Oberndorfer <\/em>und<em> Werner Hochreiter<\/em>)<\/li>\n<\/ul>\n<h3>\u2013 2021<\/h3>\n<ul>\n<li><a href=\"https:\/\/www.inside-law.at\/summer-school\/das-war-die-summer-school\/\" target=\"_blank\" rel=\"noopener\">Summer School &#8222;Inside Law&#8220;<\/a>, Vorbereitung f\u00fcr Sch\u00fclerInnen und Maturantinnen auf das Studium der Rechtswissenschaften, Sigmund Freud Privatuniversit\u00e4t Wien, 30.8.2021 bis 3.9. 2021 (gem. mit <em>Karin Bruckm\u00fcller<\/em>)<\/li>\n<\/ul>\n<h3>\u2013 2020<\/h3>\n<ul>\n<li><a href=\"https:\/\/www.inside-law.at\/summer-school\/das-war-die-summer-school\/\" target=\"_blank\" rel=\"noopener\">Summer School &#8222;Inside Law&#8220;<\/a>, Vorbereitung f\u00fcr Sch\u00fclerInnen und Maturantinnen auf das Studium der Rechtswissenschaften, Sigmund Freud Privatuniversit\u00e4t Wien, 31.8.2020 bis 4.9.2020 (gem. mit <em>Karin Bruckm\u00fcller<\/em>) (online)<\/li>\n<\/ul>\n<h3>\u2013 2019<\/h3>\n<ul>\n<li>Konferenz: <a href=\"https:\/\/www.lachmayer.eu\/de\/konferenz-aktuelle-herausforderungen-fuer-die-oesterreichische-verfassungsstaatlichkeit\/\" target=\"_blank\" rel=\"noopener\">\u201eAktuelle Herausforderungen f\u00fcr die \u00f6sterreichische Verfassungsstaatlichkeit\u201c<\/a>, Sigmund Freud Privatuniversit\u00e4t Wien, 13. September 2019<\/li>\n<li><a href=\"https:\/\/www.sfu.ac.at\/de\/event\/jus-inside-law-summer-school-an-der-sfu\/\" target=\"_blank\" rel=\"noopener\">Summer School &#8222;Inside Law&#8220;<\/a>, Vorbereitung f\u00fcr Sch\u00fclerInnen und Maturantinnen auf das Studium der Rechtswissenschaften, Sigmund Freud Privatuniversit\u00e4t Wien, 26.8.2019 bis 30.8.2019<\/li>\n<li>Panelorganisation:\u00a0 <a href=\"https:\/\/www.lachmayer.eu\/lecture-a-knowledge-based-approach-towards-constitutional-comparison\/\" target=\"_blank\" rel=\"noopener\">&#8222;panel #47 on &#8218;Methodological pluralism in comparative constitutional research'&#8220;, 2019 ICON\u2022S\u00a0 Annual Conference on \u201cPublic Law in Times of Change?\u201d<\/a>, 1.\u20133.7.2019, Santiago de Chile<\/li>\n<li>Workshop:<a href=\"https:\/\/www.lachmayer.eu\/de\/workshop-drohnen-und-recht\/\" target=\"_blank\" rel=\"noopener\"> \u201eDrohnen und Recht\u201c<\/a>, Universit\u00e4t f\u00fcr Bodenkultur Wien, 7. Juni 2019 (gem. mit <em>Iris Eisenberger<\/em>)<\/li>\n<li><a href=\"https:\/\/www.lachmayer.eu\/discussion-group-on-comparative-constitutional-law-and-theory\/\" target=\"_blank\" rel=\"noopener\">Discussion Group on Comparative Constitutional Law and Theory<\/a>, Vortragsreihe Vergleichendes Verfassungsrecht im Sommer- und Wintersemester, Sigmund Freud Privatuniversit\u00e4t Wien<\/li>\n<li>Law \u2013 Technology \u2013 Society-Vortragsreihe im Sommer- und Wintersemester 2019, Lunch Time-Series zu Themen Umweltrecht, Technologierecht und Verfassungsrecht , Universit\u00e4t f\u00fcr Bodenkultur Wien \u00a0(gem. mit <em>Iris Eisenberger<\/em>)<\/li>\n<\/ul>\n<h3>\u2013 2018<\/h3>\n<ul>\n<li><a href=\"https:\/\/www.lachmayer.eu\/discussion-group-on-comparative-constitutional-law-and-theory\/\">Discussion Group on Comparative Constitutional Law and Theory<\/a>, Vortragsreihe Vergleichendes Verfassungsrecht, Sigmund Freud Privatuniversit\u00e4t, Wien<\/li>\n<li><a href=\"https:\/\/www.inside-law.at\/\" target=\"_blank\" rel=\"noopener\">Summer School &#8222;Inside Law&#8220;<\/a> , Vorbereitung f\u00fcr Sch\u00fclerInnen und Maturantinnen auf das Studium der Rechtswissenschaften, Sigmund Freud Privatuniversit\u00e4t Wien, 27.8.2018 bis 31.8.2018<\/li>\n<li>Konferenz: &#8222;<a href=\"https:\/\/www.lachmayer.eu\/de\/konferenz-datenschutz-im-rechtsvergleich-deutschland-oesterreich\/\" target=\"_blank\" rel=\"noopener\">Datenschutz im Rechtsvergleich: Deutschland \u2013 \u00d6sterreich<\/a>\u201c, internationale Konferenz an der Sigmund Freud Privatuniversit\u00e4t Wien, 14.\u201315. Juni 2018<\/li>\n<li>Diskussionsabend: <a href=\"https:\/\/www.lachmayer.eu\/de\/veranstaltung-eprivacy-und-telekommunikationsgesetz\/\" target=\"_blank\" rel=\"noopener\">&#8222;ePrivacy und Telekommunikationsgesetz&#8220;<\/a>, Veranstaltungsreihe des XING Forums \u00d6ffentliches Recht, 13.6.2018, Wien<\/li>\n<li>Diskussionsabend: <a href=\"https:\/\/www.lachmayer.eu\/de\/veranstaltung-autonome-fahrzeuge-im-verkehrsrecht\/\">&#8222;Autonome Fahrzeuge im Verkehrsrecht&#8220;<\/a>, Veranstaltungsreihe des XING Forums \u00d6ffentliches Recht, 18.4.2018, Wien<\/li>\n<li>Rechtswissenschaftliche Fachtagung: <a href=\"https:\/\/www.lachmayer.eu\/de\/veranstaltung-rechtliche-fundamente-in-zeiten-von-deep-learning-und-systemischer-digitalisierung\/\">&#8222;Rechtliche Fundamente in Zeiten von Deep Learning und systemischer Digitalisierung\u201c<\/a>, 3.\u20136. April 2018, Villa Vigoni, Comer See, Italien (gem. mit <em>Iris Eisenberger,\u00a0Valerio Lubello, Indra Spiecker gen. D\u00f6hmann<\/em> und<em> Arianna Vedaschi<\/em>)<\/li>\n<li>Law \u2013 Technology \u2013 Society-Vortragsreihe im <a href=\"https:\/\/www.lachmayer.eu\/de\/vortragsreihe-sose-18-law-technology-society\/\">Sommersemester 2018<\/a>, Lunch Time-Series zu Themen Umweltrecht, Technologierecht und Verfassungsrecht , Universit\u00e4t f\u00fcr Bodenkultur Wien \u00a0(gem. mit <em>Iris Eisenberger<\/em>)<\/li>\n<li>\u00a0Ausstellung <a href=\"https:\/\/www.wasistrecht.at\/\" target=\"_blank\" rel=\"noopener\">\u201eWas ist Recht?\u201c<\/a> von und f\u00fcr Studierende der Rechtswissenschaften, Sigmund Freud Privatuniversit\u00e4t Wien, 14. Februar 2018<\/li>\n<li>Tagung: <a href=\"https:\/\/www.lachmayer.eu\/de\/tagung-universitaeten-forschung-datenschutz\/\">\u201eUniversit\u00e4ten \u2013 Forschung \u2013 Datenschutz\u201c<\/a>, Universit\u00e4t f\u00fcr Bodenkultur Wien, 26. J\u00e4nner 2018 (gem. mit Iris Eisenberger)<\/li>\n<\/ul>\n<h3>\u2013 2017<\/h3>\n<ul>\n<li>Diskussionsveranstaltungsreihe \u201eLegal Entrepreneurship\u201c, ab WiSe 17\/18, Sigmund Freud Privatuniversit\u00e4t Wien<\/li>\n<li><a href=\"https:\/\/www.lachmayer.eu\/de\/inside-law-summer-school-an-der-sfu\/\" target=\"_blank\" rel=\"noopener noreferrer\">Summer School &#8222;Inside Law&#8220;<\/a> , Vorbereitung f\u00fcr Sch\u00fclerInnen und Maturantinnen auf das Studium der Rechtswissenschaften, Sigmund Freud Privatuniversit\u00e4t Wien, 28.8.2017 bis 1.9.2017<\/li>\n<li>Workshop: \u201e<a href=\"https:\/\/www.lachmayer.eu\/de\/veranstaltung-pruefungskompetenzen-der-verwaltungsgerichte\/\" target=\"_blank\" rel=\"noopener noreferrer\">Pr\u00fcfungskompetenzen der Verwaltungsgerichte<\/a>\u201c, Universit\u00e4t Wien, 11.\u201312.5.2017<\/li>\n<li>Diskussionsabend: \u201e<a href=\"https:\/\/www.lachmayer.eu\/de\/veranstaltung-oeffentlich%e2%80%90rechtliche-fragestellungen-von-whistle%e2%80%90blowing\/\" target=\"_blank\" rel=\"noopener noreferrer\">\u00d6ffentlich\u2010rechtliche Fragestellungen von Whistle\u2010blowing<\/a>\u201c, Veranstaltungsreihe des XING Forums \u00d6ffentliches Recht, 17.5.2017, Wien<\/li>\n<li>Diskussionsabend: \u201e<a href=\"https:\/\/www.lachmayer.eu\/de\/forum-oeffentliches-recht-veranstaltung\/\" target=\"_blank\" rel=\"noopener noreferrer\">Rechtliche Regulierung von Drohnen<\/a>\u201c, Veranstaltungsreihe des XING Forums \u00d6ffentliches Recht, 23.3.2017, Wien<\/li>\n<li>Law \u2013 Technology \u2013 Society-Vortragsreihe im <a href=\"https:\/\/www.lachmayer.eu\/de\/vortragsreihe-law-technology-society-2\/\" target=\"_blank\" rel=\"noopener noreferrer\">Sommersemester 2017<\/a>, Lunch Time-Series zu Themen Umweltrecht, Technologierecht und Verfassungsrecht , Universit\u00e4t f\u00fcr Bodenkultur Wien \u00a0(gem. mit <em>Iris Eisenberger<\/em>)<\/li>\n<\/ul>\n<h3>\u2013 2016<\/h3>\n<ul>\n<li>Diskussionsabend: \u201e<a href=\"https:\/\/www.lachmayer.eu\/de\/forum-oeffentliches-recht-goes-offline\/\" target=\"_blank\" rel=\"noopener noreferrer\">Datenschutz-Compliance f\u00fcr Unternehmen \u2013 Herausforderungen durch die Datenschutz-Grundverordnung<\/a>\u201c, Veranstaltungsreihe des XING Forums \u00d6ffentliches Recht, 23.11.2016, Wien<\/li>\n<li>Conference: \u201c<a href=\"https:\/\/www.lachmayer.eu\/conference\/\" target=\"_blank\" rel=\"noopener noreferrer\">Constitutional Law in Context<\/a>\u201d, Institute for Legal Studies, Centre for Social Sciences, Hungarian Academy of Social Sciences (MTA TK JTI), 22.\u201323.9.2016, Budapest, Ungarn (gem. mit <em>Robert Sch\u00fctze<\/em>)<\/li>\n<li>Conference panel on \u201c<a href=\"https:\/\/www.lachmayer.eu\/forthcoming-panel\/\" target=\"_blank\" rel=\"noopener noreferrer\">Federalism Along and Beyond Borders. A Neo-Federalist Perspective<\/a>\u201d at the 2016 ICON-S Conference \u201cBorders, Otherness and Public Law\u201d, 17-19.6.2016, Humboldt University Berlin, Germany<\/li>\n<li>Workshop: \u201c<a href=\"https:\/\/www.lachmayer.eu\/forthcoming-workshop-objectives-and-methods-of-a-contextual-analysis-in-comparative-law\/\" target=\"_blank\" rel=\"noopener noreferrer\">Objectives, Methods and Perspectives of a Contextual Analysis in Comparative Law<\/a>\u201d, Institute for Legal Studies, Centre for Social Sciences, Hungarian Academy of Social Sciences (MTA TK JTI), 19.5.2016, Budapest, Ungarn (gem. mit <em>Bal\u00e1zs Fekete, Andr\u00e1s Jakab<\/em>)<\/li>\n<li>Konferenz: \u201e<a href=\"https:\/\/www.lachmayer.eu\/de\/konferenz-autonomes-fahren-und-recht\/\" target=\"_blank\" rel=\"noopener noreferrer\">Autonomes Fahren<\/a>\u201c, 4.5.2016, Institut f\u00fcr Rechtswissenschaften der Universit\u00e4t f\u00fcr Bodenkultur (gem. mit Iris Eisenberger)<\/li>\n<li>\u00a0Law \u2013 Technology \u2013 Society-Vortragsreihe im <a href=\"https:\/\/www.lachmayer.eu\/de\/vortragsreihe-law-technology-society\/\" target=\"_blank\" rel=\"noopener noreferrer\">Sommersemester<\/a> und <a href=\"https:\/\/www.lachmayer.eu\/de\/vortragsreihe-wise-16-law-technology-society\/\" target=\"_blank\" rel=\"noopener noreferrer\">Wintersemester 2016<\/a>, Lunch Time-Series zu Themen Umweltrecht, Technologierecht und Verfassungsrecht , Universit\u00e4t f\u00fcr Bodenkultur, Wien \u00a0(gem. mit<em> Iris Eisenberger<\/em>)<\/li>\n<\/ul>\n<h3>\u2013 2015<\/h3>\n<ul>\n<li>Panel Discussion \u201cThe Relevance of Constitutional Law\u201d, The International Society of Public Law (ICON\u00b7S) Conference, New York University School of Law, 2.7.2015, New York, USA<\/li>\n<\/ul>\n<h3>\u2013 2014<\/h3>\n<ul>\n<li>International Conference &#8222;Effective Legal Protection in Administrative Law&#8220;, 12.-13.6.2014, Budapest, Ungarn (gem. mit\u00a0<em>Zoltan Szente<\/em>)<\/li>\n<li><a href=\"https:\/\/www.lachmayer.eu\/de\/vigoni\/\" target=\"_blank\" rel=\"noopener noreferrer\">DFG-Gespr\u00e4ch<\/a>, Associazione Villa Vigoni: \u201eFormate der Rechtswissenschaft in Europa. Ein Gespr\u00e4ch \u00fcber Form und Medium rechtswissenschaftlicher Forschungskommunikation\u201c, Villa Vigoni, 19.-21.3.2014, Loveno di Menaggio, Italien<\/li>\n<\/ul>\n<h3>\u2013 2013<\/h3>\n<ul>\n<li>\u201eWorkshop: <a href=\"https:\/\/www.lachmayer.eu\/wp-content\/uploads\/2014\/05\/2013_Lehre_hoch_n_reader.pdf\" target=\"_blank\" rel=\"noopener noreferrer\">\u201eRaum in der Rechtsdidaktik<\/a>\u201c, \u00a0Zentrum f\u00fcr rechtswissenschaftliche Fachdidaktik, Universit\u00e4t Hamburg, 9.-11.10.2013, Hamburg, Deutschland (gemeinsam mit <em>Judith Brockmann<\/em> und <em>Arne Pilniok<\/em>)<\/li>\n<li>Workshop: BEST StVO (\u201eBEST Practices des Stra\u00dfenpolizeirechts f\u00fcr eine Reform der StVO. Ein Verwaltungsrechtsvergleich zwischen Deutschland, \u00d6sterreich und der Schweiz\u201c), Universit\u00e4t Wien, 25.1.2013, Wien, \u00d6sterreich<\/li>\n<\/ul>\n<h3>\u2013 2012<\/h3>\n<ul>\n<li><a href=\"https:\/\/www.lachmayer.eu\/icl-workshop\/\" target=\"_blank\" rel=\"noopener noreferrer\">&#8222;The Reception of Public International Law in the Jurisprudence of the ECtHR: Sign of Fragmentation or Unity?&#8220;<\/a>, 8<sup>th<\/sup> Vienna Workshop on International Constitutional Law, 2.11.2012, Universit\u00e4t Wien (gem. mit <i>Christina Binder<\/i>)<\/li>\n<li><a href=\"https:\/\/www.lachmayer.eu\/wp-content\/uploads\/2014\/05\/ICL-Journal_2012_Konferenz.pdf\" target=\"_blank\" rel=\"noopener noreferrer\">&#8222;Verfassungsvergleichung und Gesetzgebung&#8220;<\/a>, 2. ICL Journal Conference, 7.9.2012, Wirt\u00adschaftsuniversit\u00e4t Wien (gem. mit <i>Christoph Bezemek<\/i>, <i>Harald Eberhard<\/i> und <i>Claudia Fuchs<\/i>)<\/li>\n<li><a href=\"https:\/\/www.lachmayer.eu\/niclas-summer-school\/\" target=\"_blank\" rel=\"noopener noreferrer\">NICLAS \u2013 New International Constitutional Law Approach<\/a> \u2013 Summer School, 9.\u201321.7.2012, NICLAS for MINORITIES, European University Institute, Florenz (gem. mit <i>J\u00fcrgen Busch<\/i>)<\/li>\n<\/ul>\n<h3>\u2013 2011<\/h3>\n<ul>\n<li><a href=\"https:\/\/www.lachmayer.eu\/icl-workshop\/\" target=\"_blank\" rel=\"noopener noreferrer\">&#8222;Constitution-Making and Constitutional Comparison&#8220;<\/a>, 7<sup>th<\/sup> Vienna Workshop on International Constitutional Law, 13.5.2011, Wirtschaftsuniversit\u00e4t Wien (gem. mit <i>Christina Binder<\/i>)<\/li>\n<li><a href=\"https:\/\/www.lachmayer.eu\/niclas-summer-school\/\" target=\"_blank\" rel=\"noopener noreferrer\">NICLAS \u2013 New International Constitutional Law Approach<\/a> \u2013 Summer School, 4.\u201316.7.2011, NICLAS for MIGRATION, European University Institute, Florenz (gem. mit <i>J\u00fcrgen Busch<\/i>)<\/li>\n<\/ul>\n<h3>\u2013 2010<\/h3>\n<ul>\n<li><a href=\"https:\/\/www.lachmayer.eu\/wp-content\/uploads\/2014\/05\/ICL-Conferences_2010.pdf\" target=\"_blank\" rel=\"noopener noreferrer\">&#8222;Constitutional Pluralism&#8220;<\/a>, 11.\/12.11.2010, The West Bengal National University of Juridical Sciences, Kolkata, Indien<\/li>\n<li><a href=\"https:\/\/www.lachmayer.eu\/wp-content\/uploads\/2014\/05\/2010_4.-ZVR-Verkehrsrechtstag.pdf\" target=\"_blank\" rel=\"noopener noreferrer\">4. ZVR-Verkehrsrechtstag<\/a>, 16.9.2010, Universit\u00e4t Wien<\/li>\n<li><a href=\"https:\/\/www.lachmayer.eu\/wp-content\/uploads\/2014\/05\/ICL-Journal_2010_Konferenz.pdf\" target=\"_blank\" rel=\"noopener noreferrer\">&#8222;Verfassungsgerichte und Verfassungsvergleichung&#8220;<\/a>, ICL Journal Conference, 3.9.2010, Wirtschaftsuniversit\u00e4t Wien (gem mit. <i>Christoph Bezemek<\/i>, <i>Harald Eberhard<\/i> und <i>Claudia Fuchs<\/i>)<\/li>\n<li><a href=\"https:\/\/www.lachmayer.eu\/niclas-summer-school\/\" target=\"_blank\" rel=\"noopener noreferrer\">NICLAS \u2013 New International Constitutional Law Approach<\/a> \u2013 Summer School, 5.\u201317.7.2010, NICLAS for ENVIRONMENT, Central European University, Budapest (gem. mit <i>J\u00fcrgen Busch<\/i>)<\/li>\n<li><a href=\"https:\/\/www.lachmayer.eu\/icl-workshop\/\" target=\"_blank\" rel=\"noopener noreferrer\">&#8222;Critical Perspectives towards the Rule of Law&#8220;<\/a>, 6<sup>th<\/sup> Vienna Workshop on International Constitutional Law, 7.\/8.5.2010, Wirtschaftsuniversit\u00e4t Wien (gem. mit <i>Christina Binder,<\/i> <i>Harald Eberhard, Gregor Ribarov <\/i>und<i> Gerhard Thallinger<\/i>)<\/li>\n<\/ul>\n<h3>\u2013 2009<\/h3>\n<ul>\n<li><span style=\"font-size: medium;\"><span style=\"font-size: medium;\"><a href=\"https:\/\/www.lachmayer.eu\/wp-content\/uploads\/2014\/05\/ICL-Conferences_IACL_2009.pdf\" target=\"_blank\" rel=\"noopener noreferrer\">&#8222;Constitutional Responses to Terrorism<\/a>: Focus on Intelligence Agencies and their Oversight&#8220;, IACL Workshop Group, 12.-23.11.2009, Florence, Italy<\/span><\/span><\/li>\n<li><a href=\"https:\/\/www.lachmayer.eu\/wp-content\/uploads\/2014\/05\/ICL-Conferences_2009.pdf\" target=\"_blank\" rel=\"noopener noreferrer\">International Conference<\/a>: &#8222;Exclusions from Constitutional Law&#8220;, 28.\/29.10.2009, City University of Hong Kong, China<\/li>\n<li><a href=\"https:\/\/www.lachmayer.eu\/niclas-summer-school\/\" target=\"_blank\" rel=\"noopener noreferrer\">NICLAS \u2013 New International Constitutional Law Approach<\/a> \u2013 Summer School, 6.\u201318.7.2009, NICLAS for JUSTICE, Universit\u00e4t Wien (gem. mit <i>J\u00fcrgen Busch<\/i>)<\/li>\n<li><a href=\"https:\/\/www.lachmayer.eu\/icl-workshop\/\" target=\"_blank\" rel=\"noopener noreferrer\">&#8222;Corporate Social Responsibility&#8220;<\/a>, 5<sup>th<\/sup> Vienna Workshop on International Constitutional Law, 15.\/16.5.2009, Wirtschaftsuniversit\u00e4t Wien (gem. mit <i>Christina Binder,<\/i> <i>Harald Eberhard, Gregor Ribarov <\/i>und<i> Gerhard Thallinger<\/i>)<span style=\"font-size: medium;\"><span style=\"font-size: medium;\"><br \/>\n<\/span><\/span><\/li>\n<\/ul>\n<h3>\u2013 2008<\/h3>\n<ul>\n<li><a href=\"https:\/\/www.lachmayer.eu\/wp-content\/uploads\/2014\/05\/ICL-Conferences_AJV_2008.pdf\" target=\"_blank\" rel=\"noopener noreferrer\">&#8222;V\u00f6lkerrecht im innerstaatlichen Bereich&#8220;<\/a>, Tagung des Arbeitskreises junger V\u00f6lkerrechtlerInnen, 6.\/7.12.2008, Wirtschaftsuniversit\u00e4t Wien<\/li>\n<li><a href=\"https:\/\/www.lachmayer.eu\/wp-content\/uploads\/2014\/05\/ICL-Conferences_2008_Macau.pdf\" target=\"_blank\" rel=\"noopener noreferrer\">International Conference<\/a>: &#8222;The Comparison of Constitutional Law. An Asian \u2013 European Dialogue&#8220;, 25.\/26.11.2008, Macau, China<\/li>\n<li><a href=\"https:\/\/www.lachmayer.eu\/niclas-summer-school\/\" target=\"_blank\" rel=\"noopener noreferrer\">NICLAS \u2013 New International Constitutional Law Approach<\/a> \u2013 Summer School, 7.\u201319.7.2008, NICLAS for SECURITY, Universit\u00e4t Wien (gem. mit <i>J\u00fcrgen Busch<\/i>)<\/li>\n<li><a href=\"https:\/\/www.lachmayer.eu\/icl-workshop\/\" target=\"_blank\" rel=\"noopener noreferrer\">&#8222;Constitutional Limits to Security&#8220;<\/a>, 4<sup>th<\/sup> Vienna Workshop on International Constitutional Law, 15.\/16.5.2008, Universit\u00e4t Wien<\/li>\n<\/ul>\n<h3>\u2013 2007<\/h3>\n<ul>\n<li><a href=\"https:\/\/www.lachmayer.eu\/wp-content\/uploads\/2014\/05\/2007_1.-ZVR-Verkehrsrechtstag.pdf\" target=\"_blank\" rel=\"noopener noreferrer\">1. ZVR-Verkehrsrechtstag<\/a>, 21.9.2007, Universit\u00e4t Wien<\/li>\n<li><a href=\"https:\/\/www.lachmayer.eu\/niclas-summer-school\/\" target=\"_blank\" rel=\"noopener noreferrer\">NICLAS \u2013 New International Constitutional Law Approach<\/a> \u2013 Summer School, 9.\u201321.7.2007, NICLAS for Freedom, Universit\u00e4t Wien (gem. mit <i>J\u00fcrgen Busch<\/i>)<\/li>\n<li><a href=\"https:\/\/www.lachmayer.eu\/icl-workshop\/\" target=\"_blank\" rel=\"noopener noreferrer\">&#8222;Perspectives and Limits of Democracy&#8220;<\/a>, 3<sup>rd<\/sup> Vienna Workshop on International Constitutional Law, 11.\/12.5.2007, Universit\u00e4t Wien (gem. mit <i>Harald Eberhard, Gregor Ribarov <\/i>und<i> Gerhard Thallinger<\/i>)<\/li>\n<\/ul>\n<h3>\u2013 2006<\/h3>\n<ul>\n<li><a href=\"https:\/\/www.lachmayer.eu\/icl-workshop\/\" target=\"_blank\" rel=\"noopener noreferrer\">&#8222;Transitional Constitutionalism&#8220;<\/a>, 2<sup>nd<\/sup> Vienna Workshop on International Constitutional Law, 19.\/20.5.2006, Universit\u00e4t Wien (gem. mit <i>Harald Eberhard <\/i>und<i> Gerhard Thallinger<\/i>)<\/li>\n<li><a href=\"https:\/\/www.lachmayer.eu\/wp-content\/uploads\/2014\/05\/2006_Tagungsprogramm-46.-Assistententagung-\u00d6ffentlichen-Rechts.pdf\" target=\"_blank\" rel=\"noopener noreferrer\">&#8222;Recht und Medizin&#8220;.\u00a046. Assistententagung \u00d6ffentlichen Rechts<\/a>. Tagung der Wissenschaftlichen Mitarbeiterinnen und Mitarbeiter, Wissenschaftlichen Assistentinnen und Assistenten, 21.\u201324.2.2006, Universit\u00e4t Wien (gem. mit <i>Elisabeth Dujmovits, Harald Eberhard, Iris Eisenberger, Daniel Enn\u00f6ckl<\/i> und <i>Karl St\u00f6ger<\/i>)<\/li>\n<\/ul>\n<h3>\u2013 2005<\/h3>\n<ul>\n<li><a href=\"https:\/\/www.lachmayer.eu\/icl-workshop\/\" target=\"_blank\" rel=\"noopener noreferrer\">&#8222;Internationales Verfassungsrecht&#8220;<\/a>, 1<sup>st<\/sup> Vienna Workshop on International Constitutional Law, 20.\/21.5.2005, Universit\u00e4t Wien (gem. mit <i>Harald Eberhard <\/i>und<i> Gerhard Thallinger<\/i>)<\/li>\n<\/ul>\n<p>&nbsp;<\/p>\n","protected":false},"excerpt":{"rendered":"<p>\u2013 2024 17. ZVR Verkehrsrechtstag, WU Wien, 04.10.2024 (gem. mit\u00a0Berhard Burtscher, Armin Kaltenegger, Ernst Karner, Magdalena Leithner\u00a0und\u00a0Alexander Wilfinger) Summer School &#8222;Inside Law&#8220;, Vorbereitung f\u00fcr Sch\u00fclerInnen &hellip;<\/p>\n","protected":false},"author":3,"featured_media":0,"parent":0,"menu_order":0,"comment_status":"closed","ping_status":"closed","template":"","meta":{"footnotes":""},"class_list":["post-1244","page","type-page","status-publish","hentry"],"_links":{"self":[{"href":"https:\/\/www.lachmayer.eu\/de\/wp-json\/wp\/v2\/pages\/1244","targetHints":{"allow":["GET"]}}],"collection":[{"href":"https:\/\/www.lachmayer.eu\/de\/wp-json\/wp\/v2\/pages"}],"about":[{"href":"https:\/\/www.lachmayer.eu\/de\/wp-json\/wp\/v2\/types\/page"}],"author":[{"embeddable":true,"href":"https:\/\/www.lachmayer.eu\/de\/wp-json\/wp\/v2\/users\/3"}],"replies":[{"embeddable":true,"href":"https:\/\/www.lachmayer.eu\/de\/wp-json\/wp\/v2\/comments?post=1244"}],"version-history":[{"count":4,"href":"https:\/\/www.lachmayer.eu\/de\/wp-json\/wp\/v2\/pages\/1244\/revisions"}],"predecessor-version":[{"id":19035,"href":"https:\/\/www.lachmayer.eu\/de\/wp-json\/wp\/v2\/pages\/1244\/revisions\/19035"}],"wp:attachment":[{"href":"https:\/\/www.lachmayer.eu\/de\/wp-json\/wp\/v2\/media?parent=1244"}],"curies":[{"name":"wp","href":"https:\/\/api.w.org\/{rel}","templated":true}]}}