{"id":16374,"date":"2021-09-17T15:24:13","date_gmt":"2021-09-17T13:24:13","guid":{"rendered":"https:\/\/demo.lachmayer.eu\/?page_id=999956374"},"modified":"2022-09-16T11:09:36","modified_gmt":"2022-09-16T09:09:36","slug":"lehre","status":"publish","type":"page","link":"https:\/\/www.lachmayer.eu\/de\/lehre\/","title":{"rendered":"Lehre"},"content":{"rendered":"<div id=\"pl-16374\"  class=\"panel-layout\" ><div id=\"pg-16374-0\"  class=\"panel-grid panel-no-style\" ><div id=\"pgc-16374-0-0\"  class=\"panel-grid-cell\" ><div id=\"panel-16374-0-0-0\" class=\"so-panel widget widget_sow-editor panel-first-child\" data-index=\"0\" ><div\n\t\t\t\n\t\t\tclass=\"so-widget-sow-editor so-widget-sow-editor-base\"\n\t\t\t\n\t\t>\n<div class=\"siteorigin-widget-tinymce textwidget\">\n\t<p>Seit 20 Jahren lehrt Konrad Lachmayer mit gro\u00dfem Enthusiasmus und wirkt dabei immer wieder an der Entwicklung von neuen Lehr-\/Lernformaten mit. Lehrveranstaltungen f\u00fchrt er derzeit an der Sigmund Freud Privatuniversit\u00e4t durch und kann in \u00d6sterreich auf Lehrerfahrung an der Universit\u00e4t Wien, der Montanuniversit\u00e4t Leoben und der Donau-Universit\u00e4t Krems verweisen. International f\u00fchrte er Lehrveranstaltungen bzw Guest Lectures in England, Indien, Irland, Italien, Liechtenstein, Norwegen, Rum\u00e4nien, der Slowakei und Ungarn durch. Thematisch reichen die Lehrveranstaltungen von \u00f6sterreichischem \u00d6ffentlichen Recht \u00fcber Unionsrecht, Verfassungsvergleichung und Internationalem Umweltrecht bis hin zu Grundlagenveranstaltungen zur juristischen Methodik, Rechtsvergleichung und Rechtsethik. Einen besonderen Schwerpunkt nimmt f\u00fcr ihn auch die Rechtsdidaktik ein.<\/p>\n<\/div>\n<\/div><\/div><div id=\"panel-16374-0-0-1\" class=\"so-panel widget widget_sow-accordion panel-last-child\" data-index=\"1\" ><div\n\t\t\t\n\t\t\tclass=\"so-widget-sow-accordion so-widget-sow-accordion-default-0b16093de074-16374\"\n\t\t\t\n\t\t><div>\n\t<div class=\"sow-accordion\">\n\t\t\t<div class=\"sow-accordion-panel\n\t\t\t\t\"\n\t\t\tdata-anchor-id=\"lehrtaetigkeiten\">\n\t\t\t\t<div class=\"sow-accordion-panel-header-container\" role=\"heading\" aria-level=\"2\">\n\t\t\t\t\t<div class=\"sow-accordion-panel-header\" tabindex=\"0\" role=\"button\" id=\"accordion-label-lehrt%c3%a4tigkeiten\" aria-controls=\"accordion-content-lehrt%c3%a4tigkeiten\" aria-expanded=\"false\">\n\t\t\t\t\t\t<div class=\"sow-accordion-title sow-accordion-title-icon-left\">\n\t\t\t\t\t\t\t\t\t\t\t\t\t\tLehrt\u00e4tigkeiten\t\t\t\t\t\t\t\t\t\t\t\t\t<\/div>\n\t\t\t\t\t\t<div class=\"sow-accordion-open-close-button\">\n\t\t\t\t\t\t\t<div class=\"sow-accordion-open-button\">\n\t\t\t\t\t\t\t\t<span class=\"sow-icon-ionicons\" data-sow-icon=\"&#xf218;\"\n\t\t \n\t\taria-hidden=\"true\"><\/span>\t\t\t\t\t\t\t<\/div>\n\t\t\t\t\t\t\t<div class=\"sow-accordion-close-button\">\n\t\t\t\t\t\t\t\t<span class=\"sow-icon-ionicons\" data-sow-icon=\"&#xf209;\"\n\t\t \n\t\taria-hidden=\"true\"><\/span>\t\t\t\t\t\t\t<\/div>\n\t\t\t\t\t\t<\/div>\n\t\t\t\t\t<\/div>\n\t\t\t\t<\/div>\n\n\t\t\t<div\n\t\t\t\tclass=\"sow-accordion-panel-content\"\n\t\t\t\trole=\"region\"\n\t\t\t\taria-labelledby=\"accordion-label-lehrt%c3%a4tigkeiten\"\n\t\t\t\tid=\"accordion-content-lehrt%c3%a4tigkeiten\"\n\t\t\t\tstyle=\"display: none;\"\t\t\t>\n\t\t\t\t<div class=\"sow-accordion-panel-border\">\n\t\t\t\t\t<p class=\"tm7\"><span class=\"tm8\">Im Rahmen seiner Professur f\u00fcr \u00d6ffentliches Recht, Europarecht und Grundlagen des Rechts lehrt und lehrte Prof. Lachmayer an der Sigmund Freud Privatuniversit\u00e4t in Wien folgende Lehrveranstaltungen:<\/span><\/p>\n<p><strong>Vorlesungen<\/strong><\/p>\n<ul>\n<li>\u201eEinf\u00fchrung in das Rechtsdenken\u201c (Bachelorstudium, 3 ECTS): WiSe 2017\/18, 2018\/19, 2019\/20, 2020\/21 (online), 2021\/22, 2022\/23<\/li>\n<li>\u201eEinf\u00fchrung in das Unionsrecht\u201c (Bachelorstudium, 4 ECTS): WiSe 2017\/18, 2018\/19<\/li>\n<li>\u201eGrundlagen des Verfassungsrechts\u201c (Bachelorstudium, 4ECTS): SoSe 2021 (online) (gem. mit <em>Maria Bertel<\/em>), SoSe 2022<\/li>\n<li>\u201eGrundlagen des materiellen Verwaltungsrechts\u201c (Bachelorstudium, 3 ECTS): SoSe 2021 (online) (gem. mit Diana zu Hohenlohe), SoSe 2022 (gem. mit <em>Diana zu Hohenlohe<\/em>)<\/li>\n<li>\u201eVerwaltungsverfahrensrecht und Verfahren bei Gerichten des \u00f6ffentlichen Rechts\u201c (Bachelorstudium, 3 ECTS):<br \/>\nSoSe 2019<\/li>\n<li>\u201eRechtsethik\u201c (Bachelorstudium, 2 ECTS): WiSe 2019\/20 (gem. mit <em>Karin Bruckm\u00fcller<\/em>)<\/li>\n<li>Ringvorlesung: \u201eIdeengeschichte des Rechts (Bachelorstudium, 2 ECTS): SoSe 2020 (online), SoSe 2021, SoSe 2022 (ua gem. mit <em>Max Leitner, Bernd-Christian Funk, Diana zu Hohenlohe<\/em>)<\/li>\n<\/ul>\n<p><strong>Kurse \/ Konversatorien<\/strong><\/p>\n<ul>\n<li>\u201eMethodik und Fallbearbeitung im \u00d6ffentlichen Recht\u201c (Bachelorstudium, 3 ECTS):\u00a0SoSe 2018, 2019<\/li>\n<li>\u201eEurop\u00e4isches Verwaltungsrecht und rechtsvergleichende Aspekte\u201c (Masterstudium, 2 ECTS): WiSe 2021\/22 (online) (gem. mit <em>Christoph G\u00f6risch<\/em>), 2022\/23 (gem. mit <em>Christoph G\u00f6risch<\/em>)<\/li>\n<li>\u201eAufgaben staatlicher und gemeinwirtschaftlicher Unternehmen, Ausgliederung und Privatisierung\u201c (Masterstudium, 2 ECTS): WiSe 2021\/22, 2022\/23<\/li>\n<\/ul>\n<p><strong>Seminare<\/strong><\/p>\n<ul>\n<li>\u201eGrundrechte\u201c (Bachelorstudium, 4 ECTS): SoSe 2018, SoSe 2019, SoSe 2020 (gem. mit <em>zu Hohenlohe<\/em>), SoSe 2021 (gem. mit <em>zu Hohenlohe<\/em>), SoSe 2022<\/li>\n<li>Proseminar \u201eRechtsquellen und Systematik des Unionsrechts\u201c (Bachelorstudium, 3 ECTS): WiSe 2017\/18, 2018\/19<\/li>\n<li>\u201eFallstudien: Menschenrechte\u201c (Bachelorstudium, 3 ECTS): WiSe 2022\/23<\/li>\n<\/ul>\n\t\t\t\t<\/div>\n\t\t\t<\/div>\n\t\t<\/div>\n\t\t\t<div class=\"sow-accordion-panel\n\t\t\t\t\"\n\t\t\tdata-anchor-id=\"dissertationsbetreuung\">\n\t\t\t\t<div class=\"sow-accordion-panel-header-container\" role=\"heading\" aria-level=\"2\">\n\t\t\t\t\t<div class=\"sow-accordion-panel-header\" tabindex=\"0\" role=\"button\" id=\"accordion-label-dissertationsbetreuung\" aria-controls=\"accordion-content-dissertationsbetreuung\" aria-expanded=\"false\">\n\t\t\t\t\t\t<div class=\"sow-accordion-title sow-accordion-title-icon-left\">\n\t\t\t\t\t\t\t\t\t\t\t\t\t\tDissertationsbetreuung\t\t\t\t\t\t\t\t\t\t\t\t\t<\/div>\n\t\t\t\t\t\t<div class=\"sow-accordion-open-close-button\">\n\t\t\t\t\t\t\t<div class=\"sow-accordion-open-button\">\n\t\t\t\t\t\t\t\t<span class=\"sow-icon-ionicons\" data-sow-icon=\"&#xf218;\"\n\t\t \n\t\taria-hidden=\"true\"><\/span>\t\t\t\t\t\t\t<\/div>\n\t\t\t\t\t\t\t<div class=\"sow-accordion-close-button\">\n\t\t\t\t\t\t\t\t<span class=\"sow-icon-ionicons\" data-sow-icon=\"&#xf209;\"\n\t\t \n\t\taria-hidden=\"true\"><\/span>\t\t\t\t\t\t\t<\/div>\n\t\t\t\t\t\t<\/div>\n\t\t\t\t\t<\/div>\n\t\t\t\t<\/div>\n\n\t\t\t<div\n\t\t\t\tclass=\"sow-accordion-panel-content\"\n\t\t\t\trole=\"region\"\n\t\t\t\taria-labelledby=\"accordion-label-dissertationsbetreuung\"\n\t\t\t\tid=\"accordion-content-dissertationsbetreuung\"\n\t\t\t\tstyle=\"display: none;\"\t\t\t>\n\t\t\t\t<div class=\"sow-accordion-panel-border\">\n\t\t\t\t\t<p class=\"tm6\"><span class=\"tm7\">Abgesehen von Bachelor- und Masterarbeiten an der Sigmund Freud Privatuniversit\u00e4t betreut Prof. Lachmayer Dissertationen im Verfassungs-, Verwaltungs- und Europarecht an der Universit\u00e4t Wien. <a href=\"https:\/\/www.lachmayer.eu\/de\/dissertationen\" target=\"_blank\" rel=\"noopener\">Aktuelle Dissertationsprojekte<\/a> besch\u00e4ftigen sich mit der Verarbeitung personenbezogener Daten von Verbrauchern durch Kreditauskunfteien (Mag. Marco Blocher) und mit legitimen Zielen von Grundrechtseingriffen (Mag.<\/span><sup><span class=\"tm7\">a <\/span><\/sup><span class=\"tm7\">Susanne Gst\u00f6ttner). Dar\u00fcber hinaus betreut er eine Arbeit zum \u201eSchutz der Daten juristischer Personen in Liechtenstein und \u00d6sterreich\u201c (Felix Teipel). <\/span><\/p>\n\t\t\t\t<\/div>\n\t\t\t<\/div>\n\t\t<\/div>\n\t\t\t<div class=\"sow-accordion-panel\n\t\t\t\t\"\n\t\t\tdata-anchor-id=\"rechtsdidaktik\">\n\t\t\t\t<div class=\"sow-accordion-panel-header-container\" role=\"heading\" aria-level=\"2\">\n\t\t\t\t\t<div class=\"sow-accordion-panel-header\" tabindex=\"0\" role=\"button\" id=\"accordion-label-rechtsdidaktik\" aria-controls=\"accordion-content-rechtsdidaktik\" aria-expanded=\"false\">\n\t\t\t\t\t\t<div class=\"sow-accordion-title sow-accordion-title-icon-left\">\n\t\t\t\t\t\t\t\t\t\t\t\t\t\tRechtsdidaktik\t\t\t\t\t\t\t\t\t\t\t\t\t<\/div>\n\t\t\t\t\t\t<div class=\"sow-accordion-open-close-button\">\n\t\t\t\t\t\t\t<div class=\"sow-accordion-open-button\">\n\t\t\t\t\t\t\t\t<span class=\"sow-icon-ionicons\" data-sow-icon=\"&#xf218;\"\n\t\t \n\t\taria-hidden=\"true\"><\/span>\t\t\t\t\t\t\t<\/div>\n\t\t\t\t\t\t\t<div class=\"sow-accordion-close-button\">\n\t\t\t\t\t\t\t\t<span class=\"sow-icon-ionicons\" data-sow-icon=\"&#xf209;\"\n\t\t \n\t\taria-hidden=\"true\"><\/span>\t\t\t\t\t\t\t<\/div>\n\t\t\t\t\t\t<\/div>\n\t\t\t\t\t<\/div>\n\t\t\t\t<\/div>\n\n\t\t\t<div\n\t\t\t\tclass=\"sow-accordion-panel-content\"\n\t\t\t\trole=\"region\"\n\t\t\t\taria-labelledby=\"accordion-label-rechtsdidaktik\"\n\t\t\t\tid=\"accordion-content-rechtsdidaktik\"\n\t\t\t\tstyle=\"display: none;\"\t\t\t>\n\t\t\t\t<div class=\"sow-accordion-panel-border\">\n\t\t\t\t\t<p>&nbsp;<\/p>\n<p class=\"tm6\"><span class=\"tm7\">F\u00fcr Prof. Lachmayer stellt das didaktische Verst\u00e4ndnis und die Reflexion von Lernprozessen eine unabdingbare Voraussetzung juristischer Wissensvermittlung dar. Die Auseinandersetzung mit rechtswissenschaftlicher Fachdidaktik, um neue Wege f\u00fcr die Lernumgebung von Studierenden zu gestalten, besch\u00e4ftigt ihn seit mehr als 20 Jahren. Eine von Konrad Lachmayer mitorganisierte Summer School zum Internationalen Verfassungsrecht (NICLAS Summer School) wurde 2008 als bestes Erasmus Programm \u00d6sterreichs vom Bundesministerium f\u00fcr Wissenschaft ausgezeichnet. 2013 f\u00fchrte Prof. Lachmayer als International LehreN Lecturer an der Universit\u00e4t Hamburg ein Rechtsdidaktik-Projekt (\u201eEnabling Spaces\u201c) durch und war 2015 internationales Jury-Mitglied bei der Vergabe des Ars Legendi in Deutschland. 2018 wurde seine Lehrveranstaltung \u201eEinf\u00fchrung in das Rechtsdenken\u201c an der Sigmund Freud Privatuniversit\u00e4t f\u00fcr den Ars Docendi-Preises des Bundesministeriums f\u00fcr Wissenschaft in die Short List aufgenommen. Seit 10 Jahren lehrt und diskutiert Konrad Lachmayer in unterschiedlichen Formaten \u00fcber Rechtsdidaktik.<\/span><\/p>\n\t\t\t\t<\/div>\n\t\t\t<\/div>\n\t\t<\/div>\n\t\t<\/div>\n<\/div>\n<\/div><\/div><\/div><\/div><\/div>","protected":false},"excerpt":{"rendered":"<p>Seit 20 Jahren lehrt Konrad Lachmayer mit gro\u00dfem Enthusiasmus und wirkt dabei immer wieder an der Entwicklung von neuen Lehr-\/Lernformaten mit. Lehrveranstaltungen f\u00fchrt er derzeit &hellip;<\/p>\n","protected":false},"author":1,"featured_media":6197,"parent":0,"menu_order":0,"comment_status":"closed","ping_status":"closed","template":"","meta":{"footnotes":""},"class_list":["post-16374","page","type-page","status-publish","has-post-thumbnail","hentry"],"_links":{"self":[{"href":"https:\/\/www.lachmayer.eu\/de\/wp-json\/wp\/v2\/pages\/16374","targetHints":{"allow":["GET"]}}],"collection":[{"href":"https:\/\/www.lachmayer.eu\/de\/wp-json\/wp\/v2\/pages"}],"about":[{"href":"https:\/\/www.lachmayer.eu\/de\/wp-json\/wp\/v2\/types\/page"}],"author":[{"embeddable":true,"href":"https:\/\/www.lachmayer.eu\/de\/wp-json\/wp\/v2\/users\/1"}],"replies":[{"embeddable":true,"href":"https:\/\/www.lachmayer.eu\/de\/wp-json\/wp\/v2\/comments?post=16374"}],"version-history":[{"count":3,"href":"https:\/\/www.lachmayer.eu\/de\/wp-json\/wp\/v2\/pages\/16374\/revisions"}],"predecessor-version":[{"id":17976,"href":"https:\/\/www.lachmayer.eu\/de\/wp-json\/wp\/v2\/pages\/16374\/revisions\/17976"}],"wp:featuredmedia":[{"embeddable":true,"href":"https:\/\/www.lachmayer.eu\/de\/wp-json\/wp\/v2\/media\/6197"}],"wp:attachment":[{"href":"https:\/\/www.lachmayer.eu\/de\/wp-json\/wp\/v2\/media?parent=16374"}],"curies":[{"name":"wp","href":"https:\/\/api.w.org\/{rel}","templated":true}]}}