{"id":1900,"date":"2014-11-18T19:03:21","date_gmt":"2014-11-18T17:03:21","guid":{"rendered":"http:\/\/www.lachmayer.eu\/?page_id=1900"},"modified":"2021-09-17T15:23:10","modified_gmt":"2021-09-17T13:23:10","slug":"budapester-arbeitskreis-fuer-verfassungstheorie","status":"publish","type":"page","link":"https:\/\/www.lachmayer.eu\/de\/budapester-arbeitskreis-fuer-verfassungstheorie\/","title":{"rendered":"Budapester Arbeitskreis f\u00fcr Verfassungstheorie"},"content":{"rendered":"<address>sponsored by<\/address>\n<div class=\"all-columns\">\n<div class=\"one-third first\" style=\"height: 120px; border: 1px dotted #808080; text-align: center; padding: 12px;\">\n<p><img loading=\"lazy\" decoding=\"async\" class=\"aligncenter wp-image-1883\" src=\"https:\/\/www.lachmayer.eu\/wp-content\/uploads\/2014\/11\/osztrak-e1417093174200.jpg\" alt=\"osztrak\" width=\"206\" height=\"55\" \/><\/p>\n<\/div>\n<div class=\"one-third\" style=\"height: 120px; border: 1px dotted #808080; text-align: center; padding: 12px;\">\n<p><img loading=\"lazy\" decoding=\"async\" class=\"aligncenter wp-image-1651\" src=\"https:\/\/www.lachmayer.eu\/wp-content\/uploads\/2014\/09\/mtatkjti.png\" alt=\"mtatkjti\" width=\"145\" height=\"57\" \/><\/p>\n<\/div>\n<div class=\"one-third last\" style=\"height: 120px; border: 1px dotted #808080; text-align: center; padding: 12px;\"><img loading=\"lazy\" decoding=\"async\" class=\"aligncenter wp-image-1830\" src=\"https:\/\/www.lachmayer.eu\/wp-content\/uploads\/2014\/11\/0401c049ad94f60c9f1e9df21c8e88d2_g.jpg\" alt=\"Andr\u00e1ssy Uni\" width=\"168\" height=\"76\" srcset=\"https:\/\/www.lachmayer.eu\/wp-content\/uploads\/2014\/11\/0401c049ad94f60c9f1e9df21c8e88d2_g.jpg 400w, https:\/\/www.lachmayer.eu\/wp-content\/uploads\/2014\/11\/0401c049ad94f60c9f1e9df21c8e88d2_g-300x135.jpg 300w\" sizes=\"auto, (max-width: 168px) 100vw, 168px\" \/><\/div>\n<\/div>\n<p><b>Budapester Arbeitskreis f\u00fcr Verfassungstheorie\u00a0<\/b><\/p>\n<p>Der Budapester Arbeitskreis f\u00fcr Verfassungstheorie wurde in Kooperation des Instituts f\u00fcr Rechtswissenschaften der Ungarischen Akademie der Wissenschaften und der Fakult\u00e4t f\u00fcr Vergleichende Staats- und Rechtswissenschaften der Andr\u00e1ssy Universit\u00e4t Budapest gegr\u00fcndet, um ein Diskussionsforum f\u00fcr verfassungsrechtlich interessierte Wissenschafter zwischen Rechts- und Sozialwissenschaft zu etablieren. Das prim\u00e4re Ziel des Arbeitskreises besteht in Vortr\u00e4gen zu aktuellen Buch- und anderen Wissenschaftsprojekten von internationalen Wissenschaftlern ebenso wie von Mitgliedern des Arbeitskreises.<\/p>\n<p>Der Arbeitskreis f\u00fcr Verfassungstheorie trifft sich auf einer monatlichen Basis. Um die Diskussion und den Austausch von Ideen zu st\u00e4rken sind auch externe Wissenschafter und Studierende herzlich eingeladen an den Treffen des Arbeitskreises teilzunehmen. Die Themen f\u00fcr zuk\u00fcnftige Treffen werden durch die Mitglieder des Arbeitskreises festgelegt. Die Treffen werden zum Teil in deutscher, zum Teil in englischer Sprache abgehalten.<\/p>\n<p>&nbsp;<\/p>\n<p><strong>Aktivit\u00e4ten des Arbeitskreises<\/strong><\/p>\n<p>27\/04\/2016: Christoph Bezemek, Vienna University of Economics and Business, Austria \u201cFreie Meinungs\u00e4u\u00dferung \u2013 Strukturfragen des Schutzbereichs im Rechtsvergleich zwischen dem Ersten Zusatz zur US Verfassung und Artikel 10 EMRK\u201d<br \/>\nVenue: Andr\u00e1ssy Universit\u00e4t Budapest<\/p>\n<p>25\/02\/2016: J\u00f8rn Sunde, University of Bergen,\u00a0Norway \u201cEuropean Legal Culture\u201d (in English)<br \/>\nVenue: Hungarian Academy of Sciences \u2013 Institute for Legal Studies; 11.00 a.m.<\/p>\n<p>17\/02\/2016: Uwe Volkmann, Goethe-University Frankfurt\/Main, Germany \u201cThe Relevance of Constitutional Theory\u201d (in German)<br \/>\nVenue: Andr\u00e1ssy Universit\u00e4t Budapest,\u00a0Lecture Room 6, 06:00 p.m<\/p>\n<p>10\/12\/2015: Ewald Wiederin, University of Vienna\u00a0\u201cThe Procedure of Constitutional Review\u201d (in Englisch)<br \/>\nVenue: Hungarian Academy of Sciences; 10:00 a.m.<\/p>\n<p>19\/11\/2015: Uwe Kischel, University of\u00a0Greifswald \u201cBeyond norms?! \u2013 Comparative law in contextual perspective\u201d (in English)<br \/>\nVenue: Hungarian Academy of Sciences; 10:00 a.m.<\/p>\n<p>&nbsp;<\/p>\n","protected":false},"excerpt":{"rendered":"<p>sponsored by Budapester Arbeitskreis f\u00fcr Verfassungstheorie\u00a0 Der Budapester Arbeitskreis f\u00fcr Verfassungstheorie wurde in Kooperation des Instituts f\u00fcr Rechtswissenschaften der Ungarischen Akademie der Wissenschaften und der &hellip;<\/p>\n","protected":false},"author":3,"featured_media":0,"parent":0,"menu_order":0,"comment_status":"closed","ping_status":"closed","template":"","meta":{"footnotes":""},"class_list":["post-1900","page","type-page","status-publish","hentry"],"_links":{"self":[{"href":"https:\/\/www.lachmayer.eu\/de\/wp-json\/wp\/v2\/pages\/1900","targetHints":{"allow":["GET"]}}],"collection":[{"href":"https:\/\/www.lachmayer.eu\/de\/wp-json\/wp\/v2\/pages"}],"about":[{"href":"https:\/\/www.lachmayer.eu\/de\/wp-json\/wp\/v2\/types\/page"}],"author":[{"embeddable":true,"href":"https:\/\/www.lachmayer.eu\/de\/wp-json\/wp\/v2\/users\/3"}],"replies":[{"embeddable":true,"href":"https:\/\/www.lachmayer.eu\/de\/wp-json\/wp\/v2\/comments?post=1900"}],"version-history":[{"count":0,"href":"https:\/\/www.lachmayer.eu\/de\/wp-json\/wp\/v2\/pages\/1900\/revisions"}],"wp:attachment":[{"href":"https:\/\/www.lachmayer.eu\/de\/wp-json\/wp\/v2\/media?parent=1900"}],"curies":[{"name":"wp","href":"https:\/\/api.w.org\/{rel}","templated":true}]}}