{"id":55,"date":"2013-10-16T20:10:33","date_gmt":"2013-10-16T18:10:33","guid":{"rendered":"http:\/\/www.lachmayer.eu\/?page_id=55"},"modified":"2024-04-16T15:06:36","modified_gmt":"2024-04-16T13:06:36","slug":"forschung","status":"publish","type":"page","link":"https:\/\/www.lachmayer.eu\/de\/forschung\/","title":{"rendered":"Forschung"},"content":{"rendered":"<div id=\"pl-55\"  class=\"panel-layout\" ><div id=\"pg-55-0\"  class=\"panel-grid panel-no-style\" ><div id=\"pgc-55-0-0\"  class=\"panel-grid-cell\" ><div id=\"panel-55-0-0-0\" class=\"so-panel widget widget_sow-editor panel-first-child\" data-index=\"0\" ><div\n\t\t\t\n\t\t\tclass=\"so-widget-sow-editor so-widget-sow-editor-base\"\n\t\t\t\n\t\t>\n<div class=\"siteorigin-widget-tinymce textwidget\">\n\t<p>Prof. Lachmayer verfasste \u00fcber 160 wissenschaftliche Beitr\u00e4ge in \u00f6sterreichischen wie internationalen Fachzeitschriften und Sammelb\u00e4nden und hielt \u00fcber 250 (Impuls)Vortr\u00e4ge in 33 unterschiedlichen L\u00e4ndern; dar\u00fcber hinaus organisierte er 50 Konferenzen, Panels oder Veranstaltungen. Seine Forschung besch\u00e4ftigt sich mit Fragen der Demokratie und Rechtsstaatlichkeit, Vergleichendem Verfassungs- und Verwaltungsrecht sowie \u00d6ffentlichem Wirtschafts-, Umwelt- und Technikrecht. Als Vizedekan f\u00fcr Forschung ist ihm die Internationalisierung ebenso wie die Interdisziplinarit\u00e4t der Forschung ein besonderes Anliegen.<\/p>\n<\/div>\n<\/div><\/div><div id=\"panel-55-0-0-1\" class=\"so-panel widget widget_sow-accordion panel-last-child\" data-index=\"1\" ><div\n\t\t\t\n\t\t\tclass=\"so-widget-sow-accordion so-widget-sow-accordion-default-9f3a8a044660-55\"\n\t\t\t\n\t\t><div>\n\t<div class=\"sow-accordion\">\n\t\t\t<div class=\"sow-accordion-panel\n\t\t\t\t\"\n\t\t\tdata-anchor-id=\"forschungsschwerpunkte\">\n\t\t\t\t<div class=\"sow-accordion-panel-header-container\" role=\"heading\" aria-level=\"2\">\n\t\t\t\t\t<div class=\"sow-accordion-panel-header\" tabindex=\"0\" role=\"button\" id=\"accordion-label-forschungsschwerpunkte\" aria-controls=\"accordion-content-forschungsschwerpunkte\" aria-expanded=\"false\">\n\t\t\t\t\t\t<div class=\"sow-accordion-title sow-accordion-title-icon-left\">\n\t\t\t\t\t\t\t\t\t\t\t\t\t\tForschungsschwerpunkte\t\t\t\t\t\t\t\t\t\t\t\t\t<\/div>\n\t\t\t\t\t\t<div class=\"sow-accordion-open-close-button\">\n\t\t\t\t\t\t\t<div class=\"sow-accordion-open-button\">\n\t\t\t\t\t\t\t\t<span class=\"sow-icon-ionicons\" data-sow-icon=\"&#xf218;\"\n\t\t \n\t\taria-hidden=\"true\"><\/span>\t\t\t\t\t\t\t<\/div>\n\t\t\t\t\t\t\t<div class=\"sow-accordion-close-button\">\n\t\t\t\t\t\t\t\t<span class=\"sow-icon-ionicons\" data-sow-icon=\"&#xf209;\"\n\t\t \n\t\taria-hidden=\"true\"><\/span>\t\t\t\t\t\t\t<\/div>\n\t\t\t\t\t\t<\/div>\n\t\t\t\t\t<\/div>\n\t\t\t\t<\/div>\n\n\t\t\t<div\n\t\t\t\tclass=\"sow-accordion-panel-content\"\n\t\t\t\trole=\"region\"\n\t\t\t\taria-labelledby=\"accordion-label-forschungsschwerpunkte\"\n\t\t\t\tid=\"accordion-content-forschungsschwerpunkte\"\n\t\t\t\tstyle=\"display: none;\"\t\t\t>\n\t\t\t\t<div class=\"sow-accordion-panel-border\">\n\t\t\t\t\t<p>Die Forschungsinteressen von Konrad Lachmayer umfassen die Breite und Tiefe von Fragen des \u00d6ffentlichen Rechts, insbesondere auch in ihren internationalen, europ\u00e4ischen und vergleichenden Bez\u00fcgen. Insoweit beziehen sich seine Forschungsschwerpunkte auf Demokratie und Rechtsstaatlichkeit, Grund- und Menschenrechte sowie Verfassungsgerichtsbarkeit ebenso wie Vergleichendes Verfassungs- und Verwaltungsrecht, insbes. Fragen der Methodik sowie aktuelle Herausforderungen. Schlie\u00dflich z\u00e4hlen auch das \u00d6ffentliche Wirtschafts-, Umwelt- und Technikrecht, insbes. das Datenschutz- und das Verkehrsrecht, dazu. Regelm\u00e4\u00dfig arbeitet Prof. Lachmayer dabei an interdisziplin\u00e4ren Schnittstellen, etwa zur Politikwissenschaft, zur Soziologie und zur Technik.<\/p>\n\t\t\t\t<\/div>\n\t\t\t<\/div>\n\t\t<\/div>\n\t\t\t<div class=\"sow-accordion-panel\n\t\t\t\t\"\n\t\t\tdata-anchor-id=\"aktuelle-publikationen-und-forschungsvorhaben\">\n\t\t\t\t<div class=\"sow-accordion-panel-header-container\" role=\"heading\" aria-level=\"2\">\n\t\t\t\t\t<div class=\"sow-accordion-panel-header\" tabindex=\"0\" role=\"button\" id=\"accordion-label-aktuelle-publikationen-und-forschungsvorhaben\" aria-controls=\"accordion-content-aktuelle-publikationen-und-forschungsvorhaben\" aria-expanded=\"false\">\n\t\t\t\t\t\t<div class=\"sow-accordion-title sow-accordion-title-icon-left\">\n\t\t\t\t\t\t\t\t\t\t\t\t\t\tAktuelle Publikationen und Forschungsvorhaben\t\t\t\t\t\t\t\t\t\t\t\t\t<\/div>\n\t\t\t\t\t\t<div class=\"sow-accordion-open-close-button\">\n\t\t\t\t\t\t\t<div class=\"sow-accordion-open-button\">\n\t\t\t\t\t\t\t\t<span class=\"sow-icon-ionicons\" data-sow-icon=\"&#xf218;\"\n\t\t \n\t\taria-hidden=\"true\"><\/span>\t\t\t\t\t\t\t<\/div>\n\t\t\t\t\t\t\t<div class=\"sow-accordion-close-button\">\n\t\t\t\t\t\t\t\t<span class=\"sow-icon-ionicons\" data-sow-icon=\"&#xf209;\"\n\t\t \n\t\taria-hidden=\"true\"><\/span>\t\t\t\t\t\t\t<\/div>\n\t\t\t\t\t\t<\/div>\n\t\t\t\t\t<\/div>\n\t\t\t\t<\/div>\n\n\t\t\t<div\n\t\t\t\tclass=\"sow-accordion-panel-content\"\n\t\t\t\trole=\"region\"\n\t\t\t\taria-labelledby=\"accordion-label-aktuelle-publikationen-und-forschungsvorhaben\"\n\t\t\t\tid=\"accordion-content-aktuelle-publikationen-und-forschungsvorhaben\"\n\t\t\t\tstyle=\"display: none;\"\t\t\t>\n\t\t\t\t<div class=\"sow-accordion-panel-border\">\n\t\t\t\t\t<p>Aktuelle Publikationen setzen sich mit den Auswirkungen der COVID-19 Pandemie auf die Demokratie in Europa (<a href=\"https:\/\/www.bloomsburycollections.com\/book\/pandemocracy-in-europe-power-parliaments-and-people-in-times-of-covid-19\/\" target=\"_blank\" rel=\"noopener\">Pandemocracy in Europa, Hart Publishing, 2022<\/a>) und verfassungsrechtliche Dimensionen der Vielfachkrise (Juridikum 2021, 367-376) auseinander. Weiters sind Publikationen zum Datenschutz (\u201eVerwaltungs\u00addatenschutz\u00adrecht im Informations\u00adzeitalter\u201d, JRP 2022), zum Automatisierten Fahren (\u201eD\u00fcrfen automatisierte Fahrzeuge Recht brechen?\u201c, NZV 2021; \u201eDigitalisierung des Stra\u00dfenverkehrsrechts. \u00dcber die Notwendigkeit eines eigenen Regelungsregimes\u201d, ZVR 2021) sowie zur Zeitlichkeit verfassungsgerichtlicher Entscheidungen (\u201eJudging, Fast and Slow. Constitutional Adjudication in Times of COVID-19\u201d, in Sa\u0161a Zagorc \/ Samo Bardutzky (eds), Constitution at the Brink of a State of Emergency) bereits erschienen oder sind gerade in Druck.<\/p>\n<p>Aktuelle Forschungsvorhaben besch\u00e4ftigen sich \u2013 neben den Drittmittelprojekten \u2013 mit Grundrechtswissen in \u00d6sterreich, Datenschutzrecht im Polizeirecht, Drohnen und Recht, dem Gesellschaftsvertrag in Zeiten des Klimawandels, der Kodifikation von Verwaltungsrecht, Verfassungskonventionen, der Politisierung der Verwaltung und der Methode der Verfassungsvergleichung.<\/p>\n<p><strong><a href=\"https:\/\/www.lachmayer.eu\/de\/publikationen\/\" target=\"_blank\" rel=\"noopener\">Publikationsliste<\/a><br \/>\n<\/strong><strong><a href=\"https:\/\/www.lachmayer.eu\/de\/vortraege\/\" target=\"_blank\" rel=\"noopener\">Vortr\u00e4ge<\/a><br \/>\n<a href=\"https:\/\/www.lachmayer.eu\/de\/veranstaltungsorganisation\/\" target=\"_blank\" rel=\"noopener\">Veranstaltungsorganisation<\/a><br \/>\n<\/strong><strong><a href=\"https:\/\/www.lachmayer.eu\/de\/ivor-schriftenreihe\/\" target=\"_blank\" rel=\"noopener\">IVOR-Schriftenreihe<\/a><\/strong><\/p>\n\t\t\t\t<\/div>\n\t\t\t<\/div>\n\t\t<\/div>\n\t\t\t<div class=\"sow-accordion-panel\n\t\t\t\t\"\n\t\t\tdata-anchor-id=\"drittmittelprojekte-und-finanzierung\">\n\t\t\t\t<div class=\"sow-accordion-panel-header-container\" role=\"heading\" aria-level=\"2\">\n\t\t\t\t\t<div class=\"sow-accordion-panel-header\" tabindex=\"0\" role=\"button\" id=\"accordion-label-drittmittelprojekte-und-finanzierung\" aria-controls=\"accordion-content-drittmittelprojekte-und-finanzierung\" aria-expanded=\"false\">\n\t\t\t\t\t\t<div class=\"sow-accordion-title sow-accordion-title-icon-left\">\n\t\t\t\t\t\t\t\t\t\t\t\t\t\tDrittmittelprojekte und -finanzierung\t\t\t\t\t\t\t\t\t\t\t\t\t<\/div>\n\t\t\t\t\t\t<div class=\"sow-accordion-open-close-button\">\n\t\t\t\t\t\t\t<div class=\"sow-accordion-open-button\">\n\t\t\t\t\t\t\t\t<span class=\"sow-icon-ionicons\" data-sow-icon=\"&#xf218;\"\n\t\t \n\t\taria-hidden=\"true\"><\/span>\t\t\t\t\t\t\t<\/div>\n\t\t\t\t\t\t\t<div class=\"sow-accordion-close-button\">\n\t\t\t\t\t\t\t\t<span class=\"sow-icon-ionicons\" data-sow-icon=\"&#xf209;\"\n\t\t \n\t\taria-hidden=\"true\"><\/span>\t\t\t\t\t\t\t<\/div>\n\t\t\t\t\t\t<\/div>\n\t\t\t\t\t<\/div>\n\t\t\t\t<\/div>\n\n\t\t\t<div\n\t\t\t\tclass=\"sow-accordion-panel-content\"\n\t\t\t\trole=\"region\"\n\t\t\t\taria-labelledby=\"accordion-label-drittmittelprojekte-und-finanzierung\"\n\t\t\t\tid=\"accordion-content-drittmittelprojekte-und-finanzierung\"\n\t\t\t\tstyle=\"display: none;\"\t\t\t>\n\t\t\t\t<div class=\"sow-accordion-panel-border\">\n\t\t\t\t\t<p>Die aktuellen Drittmittelprojekte setzen sich mit Mobilit\u00e4t (SAM-AT und \"Wiener Mobilit\u00e4tsklima\"), Verkehrsrecht (ESTRAL)\u00a0 und mit der \u00d6kologisierung der Bundesverfassung auseinander.<\/p>\n<p>Bisherige Forschungen wurden unter anderem von der <a href=\"https:\/\/www.humboldt-foundation.de\/\" target=\"_blank\" rel=\"noopener\">Alexander von Humboldt Stiftung<\/a>, der <a href=\"https:\/\/www.oefg.at\/\" target=\"_blank\" rel=\"noopener\">\u00d6sterreichischen Forschungsgemeinschaft<\/a> (\u00d6FG), der <a href=\"https:\/\/www.dfg.de\/\" target=\"_blank\" rel=\"noopener\">Deutschen Forschungsgemeinschaft<\/a> (DFG), dem Deutschen Austauschdienst (DAAD) und der <a href=\"https:\/\/www.ffg.at\/\" target=\"_blank\" rel=\"noopener\">\u00d6sterreichischen Forschungsf\u00f6rderungsgesellschaft<\/a> (FFG) finanziert.<\/p>\n<p><strong><a href=\"https:\/\/www.lachmayer.eu\/de\/projekte\/\">Projekte<\/a><\/strong><\/p>\n\t\t\t\t<\/div>\n\t\t\t<\/div>\n\t\t<\/div>\n\t\t<\/div>\n<\/div>\n<\/div><\/div><\/div><\/div><\/div>","protected":false},"excerpt":{"rendered":"<p>Prof. Lachmayer verfasste \u00fcber 160 wissenschaftliche Beitr\u00e4ge in \u00f6sterreichischen wie internationalen Fachzeitschriften und Sammelb\u00e4nden und hielt \u00fcber 250 (Impuls)Vortr\u00e4ge in 33 unterschiedlichen L\u00e4ndern; dar\u00fcber hinaus &hellip;<\/p>\n","protected":false},"author":1,"featured_media":17393,"parent":0,"menu_order":0,"comment_status":"closed","ping_status":"closed","template":"","meta":{"footnotes":""},"class_list":["post-55","page","type-page","status-publish","has-post-thumbnail","hentry"],"_links":{"self":[{"href":"https:\/\/www.lachmayer.eu\/de\/wp-json\/wp\/v2\/pages\/55","targetHints":{"allow":["GET"]}}],"collection":[{"href":"https:\/\/www.lachmayer.eu\/de\/wp-json\/wp\/v2\/pages"}],"about":[{"href":"https:\/\/www.lachmayer.eu\/de\/wp-json\/wp\/v2\/types\/page"}],"author":[{"embeddable":true,"href":"https:\/\/www.lachmayer.eu\/de\/wp-json\/wp\/v2\/users\/1"}],"replies":[{"embeddable":true,"href":"https:\/\/www.lachmayer.eu\/de\/wp-json\/wp\/v2\/comments?post=55"}],"version-history":[{"count":3,"href":"https:\/\/www.lachmayer.eu\/de\/wp-json\/wp\/v2\/pages\/55\/revisions"}],"predecessor-version":[{"id":18784,"href":"https:\/\/www.lachmayer.eu\/de\/wp-json\/wp\/v2\/pages\/55\/revisions\/18784"}],"wp:featuredmedia":[{"embeddable":true,"href":"https:\/\/www.lachmayer.eu\/de\/wp-json\/wp\/v2\/media\/17393"}],"wp:attachment":[{"href":"https:\/\/www.lachmayer.eu\/de\/wp-json\/wp\/v2\/media?parent=55"}],"curies":[{"name":"wp","href":"https:\/\/api.w.org\/{rel}","templated":true}]}}