{"id":977,"date":"2014-05-08T20:12:45","date_gmt":"2014-05-08T18:12:45","guid":{"rendered":"http:\/\/www.lachmayer.eu\/?page_id=977"},"modified":"2024-09-02T12:57:27","modified_gmt":"2024-09-02T10:57:27","slug":"dissertationen","status":"publish","type":"page","link":"https:\/\/www.lachmayer.eu\/de\/dissertationen\/","title":{"rendered":"Dissertationen"},"content":{"rendered":"<div id=\"pl-977\"  class=\"panel-layout\" ><div id=\"pg-977-0\"  class=\"panel-grid panel-no-style\" ><div id=\"pgc-977-0-0\"  class=\"panel-grid-cell\" ><div id=\"panel-977-0-0-0\" class=\"so-panel widget widget_sow-headline panel-first-child\" data-index=\"0\" ><div\n\t\t\t\n\t\t\tclass=\"so-widget-sow-headline so-widget-sow-headline-default-50a569b0c5bc-977\"\n\t\t\t\n\t\t><div class=\"sow-headline-container \">\n\t\t\t\t\t\t\t<h2 class=\"sow-headline\">\n\t\t\t\t\t\tLaufende Dissertationsbetreuung\t\t\t\t\t\t<\/h2>\n\t\t\t\t\t\t<\/div>\n<\/div><\/div><div id=\"panel-977-0-0-1\" class=\"so-panel widget widget_sow-testimonials\" data-index=\"1\" ><div\n\t\t\t\n\t\t\tclass=\"so-widget-sow-testimonials so-widget-sow-testimonials-default-5eb0cb84d918-977\"\n\t\t\t\n\t\t><div class=\"sow-testimonials\">\n\t\t\t\t\t<div class=\"sow-testimonial-wrapper sow-user-left sow-layout-side\">\n\t\t\t<div class=\"sow-testimonial\">\n\t\t\t\t\n\t\t\t\t<div class=\"sow-testimonial-user\">\n\t\t\t\t\t\t\t\t\t\t<div class=\"sow-image-wrapper sow-image-wrapper-shape-round\">\n\t\t\t\t\t\t\t\t\t\t\t\t<div class=\"sow-round-image-frame\" style=\"background-image: url( https:\/\/www.lachmayer.eu\/wp-content\/uploads\/2022\/01\/MBlocher.jpg );\"><\/div>\t\t\t\t\t\t\t\t\t\t\t<\/div>\n\t\t\t\t\t\n\t\t\t\t\t<div class=\"sow-text\">\n\t\t\t\t\t\t\t\t\t\t\t\t\t<span class=\"sow-testimonial-name\"><strong>Mag. Marco Blocher<\/strong><\/span>\n\t\t\t\t\t\t\t\t\t\t\t\t\t\t\t\t\t\t\t\t\t\t\t\t\t<span class=\"sow-testimonial-location\">Universit\u00e4t Wien<\/span>\n\t\t\t\t\t\t\t\t\t\t\t\t\t\t\t\t\t<\/div>\n\t\t\t\t<\/div>\n\n\t\t\t\t\t\t\t\t\t<div class=\"sow-testimonial-text\">\n\t\t\t\t\t\t<p><strong>Verarbeitung personenbezogener Daten von Verbrauchern durch Kreditauskunfteien im Rechtsvergleich \u00d6sterreich \u2013 Deutschland<\/strong><\/p>\n<p>Kreditauskunfteien verarbeiten eine Vielzahl personenbezogener Daten, um damit Aussagen zur Bonit\u00e4t (Kreditw\u00fcrdigkeit) betroffener Personen zu treffen und diese Unternehmen bereitzustellen, die Verbrauchern gegen\u00fcber in Vorleistung treten wollen (zB Kauf auf Rechnung, Kreditgew\u00e4hrung). Im Zusammenhang mit derartigen Verarbeitungen ergeben sich eine Vielzahl datenschutzrechtlicher Problemstellungen, die unter der DSGVO erneut an Relevanz gewonnen haben, was sich zuletzt in mehreren Vorabentscheidungsersuchen an den EuGH zeigt. In \u00d6sterreich und Deutschland besitzen Kreditauskunfteien seit Jahrzehnten eine beachtliche volkwirtschaftliche Relevanz und haben Anlass zu einer Vielzahl an Entscheidungen von Gerichten und Aufsichtsbeh\u00f6rden gegeben. Diese Mitgliedstaaten eigenen sich daher besonders f\u00fcr rechtvergleichende Betrachtungen. Im Zuge des Forschungsprojekts sollen die datenschutzrechtlichen Zul\u00e4ssigkeitsgrenzen von Datenverarbeitungen durch Kreditauskunfteien ausgelotet werden. Insbesondere soll rechtvergleichend ergr\u00fcndet werden, inwieweit in Hinblick auf die deutsche Rechtslage neue L\u00f6sungsans\u00e4tze f\u00fcr \u00d6sterreich entwickelt werden k\u00f6nnen.<\/p>\n\t\t\t\t\t<\/div>\n\t\t\t\t\t\t\t<\/div>\n\t\t<\/div>\n\t\t\t\t\t<div class=\"sow-testimonial-wrapper sow-user-left sow-layout-side\">\n\t\t\t<div class=\"sow-testimonial\">\n\t\t\t\t\n\t\t\t\t<div class=\"sow-testimonial-user\">\n\t\t\t\t\t\t\t\t\t\t<div class=\"sow-image-wrapper sow-image-wrapper-shape-round\">\n\t\t\t\t\t\t\t\t\t\t\t\t<div class=\"sow-round-image-frame\" style=\"background-image: url( https:\/\/www.lachmayer.eu\/wp-content\/uploads\/2020\/12\/Mag.Susanne_Gst\u00f6ttner.jpg );\"><\/div>\t\t\t\t\t\t\t\t\t\t\t<\/div>\n\t\t\t\t\t\n\t\t\t\t\t<div class=\"sow-text\">\n\t\t\t\t\t\t\t\t\t\t\t\t\t<span class=\"sow-testimonial-name\"><strong>Mag.a Susanne Gst\u00f6ttner<\/strong><\/span>\n\t\t\t\t\t\t\t\t\t\t\t\t\t\t\t\t\t\t\t\t\t\t\t\t\t<span class=\"sow-testimonial-location\">Universit\u00e4t Wien<\/span>\n\t\t\t\t\t\t\t\t\t\t\t\t\t\t\t\t\t<\/div>\n\t\t\t\t<\/div>\n\n\t\t\t\t\t\t\t\t\t<div class=\"sow-testimonial-text\">\n\t\t\t\t\t\t<p><strong>Legitime Ziele von Grundrechtseingriffen<\/strong><\/p>\n<p>Die Frage nach der Zul\u00e4ssigkeit konkreter Zielen f\u00fcr Grundrechtseingriffe stellt sich auf nationaler sowie internationaler Ebene. Sowohl f\u00fcr den Verfassungsgerichtshof (VfGH) als auch den Europ\u00e4ischen Gerichtshof f\u00fcr Menschenrechte (EGMR) steht die Frage nach dem \u201e\u00f6ffentlichen Interesse\u201c bzw. des \u201elegitimen Ziels\u201c formell am Beginn einer Grundrechtspr\u00fcfung. Die Terminologie f\u00fcr diesen Pr\u00fcfungsschritt und auch die Herangehensweise differieren dabei je nach dem in Pr\u00fcfung genommenen Grundrecht, der zugrundeliegenden Rechtsquellen als auch in der Rechtsprechung von VfGH und EGMR. Die Bedeutung, Funktion und Wirkung dieser Einschr\u00e4nkung auf gewisse Ziele sowie die Abgrenzung der verschiedenen Termini aus unterschiedlichen Rechtsquellen und Rechtsprechungen zueinander bleibt offen. Dar\u00fcber hinaus ist von Interesse, wie das Ziel des Eingriffes ermittelt wird und welche Rolle den unterschiedlichen Akteuren, also insbes den H\u00f6chstgerichten, dem Gesetzgeber, der im Verfahren stellungnehmende Regierung, bei der Festlegung des Eingriffsziel zukommt.<\/p>\n\t\t\t\t\t<\/div>\n\t\t\t\t\t\t\t<\/div>\n\t\t<\/div>\n\t<\/div>\n<\/div><\/div><div id=\"panel-977-0-0-2\" class=\"so-panel widget widget_sow-headline\" data-index=\"2\" ><div\n\t\t\t\n\t\t\tclass=\"so-widget-sow-headline so-widget-sow-headline-default-50a569b0c5bc-977\"\n\t\t\t\n\t\t><div class=\"sow-headline-container \">\n\t\t\t\t\t\t\t<h2 class=\"sow-headline\">\n\t\t\t\t\t\tAbgeschlossene Dissertationsbetreuung\t\t\t\t\t\t<\/h2>\n\t\t\t\t\t\t<\/div>\n<\/div><\/div><div id=\"panel-977-0-0-3\" class=\"so-panel widget widget_sow-testimonials panel-last-child\" data-index=\"3\" ><div\n\t\t\t\n\t\t\tclass=\"so-widget-sow-testimonials so-widget-sow-testimonials-default-cd030b8afd9d-977\"\n\t\t\t\n\t\t><div class=\"sow-testimonials\">\n\t\t\t\t\t<div class=\"sow-testimonial-wrapper sow-user-left sow-layout-side\">\n\t\t\t<div class=\"sow-testimonial\">\n\t\t\t\t\n\t\t\t\t<div class=\"sow-testimonial-user\">\n\t\t\t\t\t\t\t\t\t\t<div class=\"sow-image-wrapper sow-image-wrapper-shape-round\">\n\t\t\t\t\t\t\t\t\t\t\t\t<div class=\"sow-round-image-frame\" style=\"background-image: url( https:\/\/www.lachmayer.eu\/wp-content\/uploads\/2021\/01\/Foto-Wackenheim.jpg );\"><\/div>\t\t\t\t\t\t\t\t\t\t\t<\/div>\n\t\t\t\t\t\n\t\t\t\t\t<div class=\"sow-text\">\n\t\t\t\t\t\t\t\t\t\t\t\t\t<span class=\"sow-testimonial-name\"><strong>Dr. Emmanuel Wackenheim<\/strong><\/span>\n\t\t\t\t\t\t\t\t\t\t\t\t\t\t\t\t\t\t\t\t\t\t\t\t\t<span class=\"sow-testimonial-location\">Universit\u00e4t Wien (2022)<\/span>\n\t\t\t\t\t\t\t\t\t\t\t\t\t\t\t\t\t<\/div>\n\t\t\t\t<\/div>\n\n\t\t\t\t\t\t\t\t\t<div class=\"sow-testimonial-text\">\n\t\t\t\t\t\t<p><strong>Die Datenverarbeitung von Gesundheitsdaten zu Forschungszwecken im Spannungsfeld zum individuellen Rechtsschutz - ein Rechtsvergleich zwischen \u00d6sterreich und Frankreich<\/strong><\/p>\n<p>Die Rahmenbedingungen f\u00fcr die Freigabe \u00f6ffentlicher Gesundheitsregister zu Forschungszwecken bergen eine Vielfalt grundrechtlicher Herausforderungen in sich; dabei ist ebenso auf das EU-Prim\u00e4rrecht und die Datenschutzgrundverordnung Bedacht zu nehmen. Im Rahmen der Dissertation werden \u00fcberdies in einem Rechtsvergleich zwischen dem \u00f6sterreichischen und franz\u00f6sischen Modell der Registerdatenforschung Gemeinsamkeiten und Unterschiede analysiert.<br \/>\nBeide Systeme eignen sich sehr gut f\u00fcr einen Modellvergleich. W\u00e4hrend Frankreich eine stark verarbeitungsbezogene Beh\u00f6rden\u00fcberpr\u00fcfung bei der Registerdatenverarbeitung vorsieht, legt \u00d6sterreich den Fokus auf Vorgaben hinsichtlich verarbeitender Institutionen. Das Dissertationsvorhaben soll einerseits die Grundrechtskonformit\u00e4t der beiden Systeme aufarbeiten und andererseits ein datenschutzrechtliches Alternativmodell zum stark forschungsfreundlich ausgestalteten \u00f6sterreichischen Registerdatenforschungsmodell erarbeiten.<\/p>\n\t\t\t\t\t<\/div>\n\t\t\t\t\t\t\t<\/div>\n\t\t<\/div>\n\t\t\t\t\t<div class=\"sow-testimonial-wrapper sow-user-left sow-layout-side\">\n\t\t\t<div class=\"sow-testimonial\">\n\t\t\t\t\n\t\t\t\t<div class=\"sow-testimonial-user\">\n\t\t\t\t\t\t\t\t\t\t<div class=\"sow-image-wrapper sow-image-wrapper-shape-round\">\n\t\t\t\t\t\t\t\t\t\t\t\t<div class=\"sow-round-image-frame\" style=\"background-image: url( https:\/\/www.lachmayer.eu\/wp-content\/uploads\/2020\/12\/Mag.Lukas_Wieser.jpg );\"><\/div>\t\t\t\t\t\t\t\t\t\t\t<\/div>\n\t\t\t\t\t\n\t\t\t\t\t<div class=\"sow-text\">\n\t\t\t\t\t\t\t\t\t\t\t\t\t<span class=\"sow-testimonial-name\"><strong>Dr. Lukas Wieser<\/strong><\/span>\n\t\t\t\t\t\t\t\t\t\t\t\t\t\t\t\t\t\t\t\t\t\t\t\t\t<span class=\"sow-testimonial-location\">Universit\u00e4t Wien (2022)<\/span>\n\t\t\t\t\t\t\t\t\t\t\t\t\t\t\t\t\t<\/div>\n\t\t\t\t<\/div>\n\n\t\t\t\t\t\t\t\t\t<div class=\"sow-testimonial-text\">\n\t\t\t\t\t\t<p><strong>Regelungsziele des gewerblichen Berufsrechts<\/strong><\/p>\n<p>Die im gewerblichen Berufsrecht normierten Antritts- und Aus\u00fcbungsvorschriften stellen sich aus der Perspektive des Einzelnen als Eingriffe in dessen grundrechtlich gesch\u00fctzte Erwerbsfreiheit dar. Als solche m\u00fcssen sie der Verfolgung bestimmter \u00f6ffentlicher Interessen dienen. Im Rahmen des Forschungsprojekts wird in einem ersten Schritt untersucht, welche Regelungsziele dem gewerblichen Berufsrecht zugrunde liegen. Im Fokus steht dabei insbesondere der Bef\u00e4higungsnachweis, der sowohl das zentrale Steuerungsinstrument des gewerblichen Berufsrechts, als auch die ma\u00dfgebliche Antrittsschranke f\u00fcr die Aufnahme einer gewerblichen T\u00e4tigkeit darstellt. Auf den Erkenntnissen aus der Untersuchung der Regelungsziele aufbauend soll sodann in einem zweiten Schritt eine Analyse der Verfassungskonformit\u00e4t des Bef\u00e4higungsnachweissystems erfolgen.<\/p>\n\t\t\t\t\t<\/div>\n\t\t\t\t\t\t\t<\/div>\n\t\t<\/div>\n\t<\/div>\n<\/div><\/div><\/div><\/div><\/div>","protected":false},"excerpt":{"rendered":"<p>Laufende Dissertationsbetreuung Mag. Marco Blocher Universit\u00e4t Wien Verarbeitung personenbezogener Daten von Verbrauchern durch Kreditauskunfteien im Rechtsvergleich \u00d6sterreich \u2013 Deutschland Kreditauskunfteien verarbeiten eine Vielzahl personenbezogener Daten, &hellip;<\/p>\n","protected":false},"author":3,"featured_media":0,"parent":0,"menu_order":0,"comment_status":"closed","ping_status":"closed","template":"","meta":{"footnotes":""},"class_list":["post-977","page","type-page","status-publish","hentry"],"_links":{"self":[{"href":"https:\/\/www.lachmayer.eu\/de\/wp-json\/wp\/v2\/pages\/977","targetHints":{"allow":["GET"]}}],"collection":[{"href":"https:\/\/www.lachmayer.eu\/de\/wp-json\/wp\/v2\/pages"}],"about":[{"href":"https:\/\/www.lachmayer.eu\/de\/wp-json\/wp\/v2\/types\/page"}],"author":[{"embeddable":true,"href":"https:\/\/www.lachmayer.eu\/de\/wp-json\/wp\/v2\/users\/3"}],"replies":[{"embeddable":true,"href":"https:\/\/www.lachmayer.eu\/de\/wp-json\/wp\/v2\/comments?post=977"}],"version-history":[{"count":5,"href":"https:\/\/www.lachmayer.eu\/de\/wp-json\/wp\/v2\/pages\/977\/revisions"}],"predecessor-version":[{"id":18936,"href":"https:\/\/www.lachmayer.eu\/de\/wp-json\/wp\/v2\/pages\/977\/revisions\/18936"}],"wp:attachment":[{"href":"https:\/\/www.lachmayer.eu\/de\/wp-json\/wp\/v2\/media?parent=977"}],"curies":[{"name":"wp","href":"https:\/\/api.w.org\/{rel}","templated":true}]}}